{"id":490,"date":"2026-04-13T13:41:59","date_gmt":"2026-04-13T11:41:59","guid":{"rendered":"http:\/\/portales.localhost\/turismo-2\/actividades-deportivas\/"},"modified":"2026-04-13T13:41:59","modified_gmt":"2026-04-13T11:41:59","slug":"actividades-deportivas","status":"publish","type":"page","link":"http:\/\/www.navascues.es\/eu\/turismo-2\/actividades-deportivas\/","title":{"rendered":"Actividades deportivas"},"content":{"rendered":"<p>&gt; Contenido disponible en castellano (pendiente de traducci\u00f3n).<\/p>\n<h3>Senderismo<\/h3>\n<p>El entorno de Navascu\u00e9s invita a todos los aficionados al senderismo , ya que cuenta con diversos senderos balizados , se\u00f1alizados en el terreno y con diversos grados de dificultad en pleno contacto con la naturaleza .<\/p>\n<h3>Ciclismo<\/h3>\n<p>Por la orograf\u00eda del terreno Navascu\u00e9s ofrece a ciclistas con cierto nivel unas rutas de primer nivel , desde el puerto de las Coronas hasta la carrera de bicis por el Pirineo que pasa por Roncal-Isaba-Ochagav\u00eda-Navascu\u00e9s-Burgui-Roncal.<\/p>\n<h3>Pelota<\/h3>\n<p>Navascu\u00e9s cuenta con 2 frontones (uno exterior y otro cubierto) para la pr\u00e1ctica de pelota.<\/p>\n<p><img decoding=\"async\" src=\"http:\/\/www.navascues.es\/wp-content\/uploads\/2026\/04\/image10-1-rotated.jpeg\" alt=\"Front\u00f3n exterior o cubierto\" \/><br \/>\n<img decoding=\"async\" src=\"http:\/\/www.navascues.es\/wp-content\/uploads\/2026\/04\/image11-1-rotated.jpeg\" alt=\"Instalaci\u00f3n de pelota\" \/><\/p>\n","protected":false},"excerpt":{"rendered":"<p>&gt; Contenido disponible en castellano (pendiente de traducci\u00f3n). Senderismo El entorno de Navascu\u00e9s invita a todos los aficionados al senderismo , ya que cuenta con diversos senderos balizados , se\u00f1alizados en el terreno y con diversos grados de dificultad en pleno contacto con la naturaleza . Ciclismo Por la orograf\u00eda del terreno Navascu\u00e9s ofrece a [&hellip;]<\/p>\n","protected":false},"author":1,"featured_media":0,"parent":483,"menu_order":0,"comment_status":"closed","ping_status":"closed","template":"","meta":{"footnotes":""},"class_list":["post-490","page","type-page","status-publish","hentry"],"yoast_head":"<!-- This site is optimized with the Yoast SEO plugin v27.5 - https:\/\/yoast.com\/product\/yoast-seo-wordpress\/ -->\r\n<title>Actividades deportivas - Ayuntamiento de Navascues<\/title>\r\n<meta name=\"robots\" content=\"index, follow, max-snippet:-1, max-image-preview:large, max-video-preview:-1\" \/>\r\n<link rel=\"canonical\" href=\"http:\/\/www.navascues.es\/eu\/turismo-2\/actividades-deportivas\/\" \/>\r\n<meta property=\"og:locale\" content=\"en_US\" \/>\r\n<meta property=\"og:type\" content=\"article\" \/>\r\n<meta property=\"og:title\" content=\"Actividades deportivas - Ayuntamiento de Navascues\" \/>\r\n<meta property=\"og:description\" content=\"&gt; Contenido disponible en castellano (pendiente de traducci\u00f3n). Senderismo El entorno de Navascu\u00e9s invita a todos los aficionados al senderismo , ya que cuenta con diversos senderos balizados , se\u00f1alizados en el terreno y con diversos grados de dificultad en pleno contacto con la naturaleza . Ciclismo Por la orograf\u00eda del terreno Navascu\u00e9s ofrece a [&hellip;]\" \/>\r\n<meta property=\"og:url\" content=\"http:\/\/www.navascues.es\/eu\/turismo-2\/actividades-deportivas\/\" \/>\r\n<meta property=\"og:site_name\" content=\"Ayuntamiento de Navascues\" \/>\r\n<meta property=\"og:image\" content=\"http:\/\/portales.localhost\/wp-content\/uploads\/2026\/04\/image10-1-rotated.jpeg\" \/>\r\n<meta name=\"twitter:card\" content=\"summary_large_image\" \/>\r\n<meta name=\"twitter:label1\" content=\"Est. reading time\" \/>\n\t<meta name=\"twitter:data1\" content=\"1 minutua\" \/>\r\n<script type=\"application\/ld+json\" class=\"yoast-schema-graph\">{\"@context\":\"https:\\\/\\\/schema.org\",\"@graph\":[{\"@type\":\"WebPage\",\"@id\":\"http:\\\/\\\/www.navascues.es\\\/eu\\\/turismo-2\\\/actividades-deportivas\\\/\",\"url\":\"http:\\\/\\\/www.navascues.es\\\/eu\\\/turismo-2\\\/actividades-deportivas\\\/\",\"name\":\"Actividades deportivas - Ayuntamiento de Navascues\",\"isPartOf\":{\"@id\":\"http:\\\/\\\/www.navascues.es\\\/#website\"},\"primaryImageOfPage\":{\"@id\":\"http:\\\/\\\/www.navascues.es\\\/eu\\\/turismo-2\\\/actividades-deportivas\\\/#primaryimage\"},\"image\":{\"@id\":\"http:\\\/\\\/www.navascues.es\\\/eu\\\/turismo-2\\\/actividades-deportivas\\\/#primaryimage\"},\"thumbnailUrl\":\"http:\\\/\\\/www.navascues.es\\\/wp-content\\\/uploads\\\/2026\\\/04\\\/image10-1-rotated.jpeg\",\"datePublished\":\"2026-04-13T11:41:59+00:00\",\"breadcrumb\":{\"@id\":\"http:\\\/\\\/www.navascues.es\\\/eu\\\/turismo-2\\\/actividades-deportivas\\\/#breadcrumb\"},\"inLanguage\":\"eu\",\"potentialAction\":[{\"@type\":\"ReadAction\",\"target\":[\"http:\\\/\\\/www.navascues.es\\\/eu\\\/turismo-2\\\/actividades-deportivas\\\/\"]}]},{\"@type\":\"ImageObject\",\"inLanguage\":\"eu\",\"@id\":\"http:\\\/\\\/www.navascues.es\\\/eu\\\/turismo-2\\\/actividades-deportivas\\\/#primaryimage\",\"url\":\"http:\\\/\\\/www.navascues.es\\\/wp-content\\\/uploads\\\/2026\\\/04\\\/image10-1-rotated.jpeg\",\"contentUrl\":\"http:\\\/\\\/www.navascues.es\\\/wp-content\\\/uploads\\\/2026\\\/04\\\/image10-1-rotated.jpeg\"},{\"@type\":\"BreadcrumbList\",\"@id\":\"http:\\\/\\\/www.navascues.es\\\/eu\\\/turismo-2\\\/actividades-deportivas\\\/#breadcrumb\",\"itemListElement\":[{\"@type\":\"ListItem\",\"position\":1,\"name\":\"Portada\",\"item\":\"http:\\\/\\\/www.navascues.es\\\/\"},{\"@type\":\"ListItem\",\"position\":2,\"name\":\"Turismo\",\"item\":\"http:\\\/\\\/www.navascues.es\\\/eu\\\/turismo-2\\\/\"},{\"@type\":\"ListItem\",\"position\":3,\"name\":\"Actividades deportivas\"}]},{\"@type\":\"WebSite\",\"@id\":\"http:\\\/\\\/www.navascues.es\\\/#website\",\"url\":\"http:\\\/\\\/www.navascues.es\\\/\",\"name\":\"Ayuntamiento de Navascues\",\"description\":\"\",\"potentialAction\":[{\"@type\":\"SearchAction\",\"target\":{\"@type\":\"EntryPoint\",\"urlTemplate\":\"http:\\\/\\\/www.navascues.es\\\/?s={search_term_string}\"},\"query-input\":{\"@type\":\"PropertyValueSpecification\",\"valueRequired\":true,\"valueName\":\"search_term_string\"}}],\"inLanguage\":\"eu\"}]}<\/script>\r\n<!-- \/ Yoast SEO plugin. -->","yoast_head_json":{"title":"Actividades deportivas - Ayuntamiento de Navascues","robots":{"index":"index","follow":"follow","max-snippet":"max-snippet:-1","max-image-preview":"max-image-preview:large","max-video-preview":"max-video-preview:-1"},"canonical":"http:\/\/www.navascues.es\/eu\/turismo-2\/actividades-deportivas\/","og_locale":"en_US","og_type":"article","og_title":"Actividades deportivas - Ayuntamiento de Navascues","og_description":"&gt; Contenido disponible en castellano (pendiente de traducci\u00f3n). Senderismo El entorno de Navascu\u00e9s invita a todos los aficionados al senderismo , ya que cuenta con diversos senderos balizados , se\u00f1alizados en el terreno y con diversos grados de dificultad en pleno contacto con la naturaleza . Ciclismo Por la orograf\u00eda del terreno Navascu\u00e9s ofrece a [&hellip;]","og_url":"http:\/\/www.navascues.es\/eu\/turismo-2\/actividades-deportivas\/","og_site_name":"Ayuntamiento de Navascues","og_image":[{"url":"http:\/\/portales.localhost\/wp-content\/uploads\/2026\/04\/image10-1-rotated.jpeg","type":"","width":"","height":""}],"twitter_card":"summary_large_image","twitter_misc":{"Est. reading time":"1 minutua"},"schema":{"@context":"https:\/\/schema.org","@graph":[{"@type":"WebPage","@id":"http:\/\/www.navascues.es\/eu\/turismo-2\/actividades-deportivas\/","url":"http:\/\/www.navascues.es\/eu\/turismo-2\/actividades-deportivas\/","name":"Actividades deportivas - Ayuntamiento de Navascues","isPartOf":{"@id":"http:\/\/www.navascues.es\/#website"},"primaryImageOfPage":{"@id":"http:\/\/www.navascues.es\/eu\/turismo-2\/actividades-deportivas\/#primaryimage"},"image":{"@id":"http:\/\/www.navascues.es\/eu\/turismo-2\/actividades-deportivas\/#primaryimage"},"thumbnailUrl":"http:\/\/www.navascues.es\/wp-content\/uploads\/2026\/04\/image10-1-rotated.jpeg","datePublished":"2026-04-13T11:41:59+00:00","breadcrumb":{"@id":"http:\/\/www.navascues.es\/eu\/turismo-2\/actividades-deportivas\/#breadcrumb"},"inLanguage":"eu","potentialAction":[{"@type":"ReadAction","target":["http:\/\/www.navascues.es\/eu\/turismo-2\/actividades-deportivas\/"]}]},{"@type":"ImageObject","inLanguage":"eu","@id":"http:\/\/www.navascues.es\/eu\/turismo-2\/actividades-deportivas\/#primaryimage","url":"http:\/\/www.navascues.es\/wp-content\/uploads\/2026\/04\/image10-1-rotated.jpeg","contentUrl":"http:\/\/www.navascues.es\/wp-content\/uploads\/2026\/04\/image10-1-rotated.jpeg"},{"@type":"BreadcrumbList","@id":"http:\/\/www.navascues.es\/eu\/turismo-2\/actividades-deportivas\/#breadcrumb","itemListElement":[{"@type":"ListItem","position":1,"name":"Portada","item":"http:\/\/www.navascues.es\/"},{"@type":"ListItem","position":2,"name":"Turismo","item":"http:\/\/www.navascues.es\/eu\/turismo-2\/"},{"@type":"ListItem","position":3,"name":"Actividades deportivas"}]},{"@type":"WebSite","@id":"http:\/\/www.navascues.es\/#website","url":"http:\/\/www.navascues.es\/","name":"Ayuntamiento de Navascues","description":"","potentialAction":[{"@type":"SearchAction","target":{"@type":"EntryPoint","urlTemplate":"http:\/\/www.navascues.es\/?s={search_term_string}"},"query-input":{"@type":"PropertyValueSpecification","valueRequired":true,"valueName":"search_term_string"}}],"inLanguage":"eu"}]}},"_links":{"self":[{"href":"http:\/\/www.navascues.es\/eu\/wp-json\/wp\/v2\/pages\/490","targetHints":{"allow":["GET"]}}],"collection":[{"href":"http:\/\/www.navascues.es\/eu\/wp-json\/wp\/v2\/pages"}],"about":[{"href":"http:\/\/www.navascues.es\/eu\/wp-json\/wp\/v2\/types\/page"}],"author":[{"embeddable":true,"href":"http:\/\/www.navascues.es\/eu\/wp-json\/wp\/v2\/users\/1"}],"replies":[{"embeddable":true,"href":"http:\/\/www.navascues.es\/eu\/wp-json\/wp\/v2\/comments?post=490"}],"version-history":[{"count":0,"href":"http:\/\/www.navascues.es\/eu\/wp-json\/wp\/v2\/pages\/490\/revisions"}],"up":[{"embeddable":true,"href":"http:\/\/www.navascues.es\/eu\/wp-json\/wp\/v2\/pages\/483"}],"wp:attachment":[{"href":"http:\/\/www.navascues.es\/eu\/wp-json\/wp\/v2\/media?parent=490"}],"curies":[{"name":"wp","href":"https:\/\/api.w.org\/{rel}","templated":true}]}}