{"id":489,"date":"2026-04-13T13:41:56","date_gmt":"2026-04-13T11:41:56","guid":{"rendered":"http:\/\/portales.localhost\/el-valle-2\/ustes\/"},"modified":"2026-04-13T13:41:59","modified_gmt":"2026-04-13T11:41:59","slug":"ustes","status":"publish","type":"page","link":"http:\/\/www.navascues.es\/eu\/el-valle-2\/ustes\/","title":{"rendered":"Ust\u00e9s"},"content":{"rendered":"<p>&gt; Contenido disponible en castellano (pendiente de traducci\u00f3n).<\/p>\n<h3>Ust\u00e9s a orillas del r\u00edo Salazar<\/h3>\n<p>Es la localidad situada m\u00e1s al norte del Almirad\u00edo de Navascu\u00e9s a orillas del r\u00edo Salazar. En sus or\u00edgenes, por el a\u00f1o 1085, se hace referencia a una donaci\u00f3n del rey navarro Sancho Ram\u00edrez al monasterio de Leire.<\/p>\n<p><img decoding=\"async\" src=\"http:\/\/www.navascues.es\/wp-content\/uploads\/2026\/04\/image15-1.jpeg\" alt=\"Vista de Ust\u00e9s\" \/><\/p>\n<h3>Calles y casas de piedra<\/h3>\n<p>Una de sus se\u00f1as de identidad son los suelos empedrados de sus calles , que han formado parte de la historia de este lugar. Paseando por el pueblo se encuentran varias casas de piedra blasonadas , en buen estado de conservaci\u00f3n, que representan la historia de un pasado floreciente.<\/p>\n<h3>Palacio de Burdaspal<\/h3>\n<p>Entre otros edificios , se encuentran las ruinas del antiguo Palacio de Burdaspal, con or\u00edgenes en la Edad Media.<\/p>\n<h3>Iglesia de San Saturnino<\/h3>\n<p>Es un edificio de estilo rom\u00e1nico formado por una sola nave de cuatro tramos con b\u00f3veda de ca\u00f1\u00f3n y \u00e1bside semicircular. El edificio cuenta con dos capillas laterales a\u00f1adidas en el siglo XVI .<\/p>\n<p>En el interior destaca un coro de madera por la belleza de su policrom\u00eda, uno de los escasos ejemplares de coros g\u00f3ticos de madera conservados en Navarra.<\/p>\n<p><img decoding=\"async\" src=\"http:\/\/www.navascues.es\/wp-content\/uploads\/2026\/04\/image16-1.png\" alt=\"Iglesia de San Saturnino\" \/><\/p>\n","protected":false},"excerpt":{"rendered":"<p>&gt; Contenido disponible en castellano (pendiente de traducci\u00f3n). Ust\u00e9s a orillas del r\u00edo Salazar Es la localidad situada m\u00e1s al norte del Almirad\u00edo de Navascu\u00e9s a orillas del r\u00edo Salazar. En sus or\u00edgenes, por el a\u00f1o 1085, se hace referencia a una donaci\u00f3n del rey navarro Sancho Ram\u00edrez al monasterio de Leire. Calles y casas [&hellip;]<\/p>\n","protected":false},"author":1,"featured_media":0,"parent":482,"menu_order":0,"comment_status":"closed","ping_status":"closed","template":"","meta":{"footnotes":""},"class_list":["post-489","page","type-page","status-publish","hentry"],"yoast_head":"<!-- This site is optimized with the Yoast SEO plugin v27.5 - https:\/\/yoast.com\/product\/yoast-seo-wordpress\/ -->\r\n<title>Ust\u00e9s - Ayuntamiento de Navascues<\/title>\r\n<meta name=\"robots\" content=\"index, follow, max-snippet:-1, max-image-preview:large, max-video-preview:-1\" \/>\r\n<link rel=\"canonical\" href=\"http:\/\/www.navascues.es\/eu\/el-valle-2\/ustes\/\" \/>\r\n<meta property=\"og:locale\" content=\"en_US\" \/>\r\n<meta property=\"og:type\" content=\"article\" \/>\r\n<meta property=\"og:title\" content=\"Ust\u00e9s - Ayuntamiento de Navascues\" \/>\r\n<meta property=\"og:description\" content=\"&gt; Contenido disponible en castellano (pendiente de traducci\u00f3n). Ust\u00e9s a orillas del r\u00edo Salazar Es la localidad situada m\u00e1s al norte del Almirad\u00edo de Navascu\u00e9s a orillas del r\u00edo Salazar. En sus or\u00edgenes, por el a\u00f1o 1085, se hace referencia a una donaci\u00f3n del rey navarro Sancho Ram\u00edrez al monasterio de Leire. Calles y casas [&hellip;]\" \/>\r\n<meta property=\"og:url\" content=\"http:\/\/www.navascues.es\/eu\/el-valle-2\/ustes\/\" \/>\r\n<meta property=\"og:site_name\" content=\"Ayuntamiento de Navascues\" \/>\r\n<meta property=\"article:modified_time\" content=\"2026-04-13T11:41:59+00:00\" \/>\r\n<meta property=\"og:image\" content=\"http:\/\/portales.localhost\/wp-content\/uploads\/2026\/04\/image15-1.jpeg\" \/>\r\n<meta name=\"twitter:card\" content=\"summary_large_image\" \/>\r\n<meta name=\"twitter:label1\" content=\"Est. reading time\" \/>\n\t<meta name=\"twitter:data1\" content=\"1 minutua\" \/>\r\n<script type=\"application\/ld+json\" class=\"yoast-schema-graph\">{\"@context\":\"https:\\\/\\\/schema.org\",\"@graph\":[{\"@type\":\"WebPage\",\"@id\":\"http:\\\/\\\/www.navascues.es\\\/eu\\\/el-valle-2\\\/ustes\\\/\",\"url\":\"http:\\\/\\\/www.navascues.es\\\/eu\\\/el-valle-2\\\/ustes\\\/\",\"name\":\"Ust\u00e9s - Ayuntamiento de Navascues\",\"isPartOf\":{\"@id\":\"http:\\\/\\\/www.navascues.es\\\/#website\"},\"primaryImageOfPage\":{\"@id\":\"http:\\\/\\\/www.navascues.es\\\/eu\\\/el-valle-2\\\/ustes\\\/#primaryimage\"},\"image\":{\"@id\":\"http:\\\/\\\/www.navascues.es\\\/eu\\\/el-valle-2\\\/ustes\\\/#primaryimage\"},\"thumbnailUrl\":\"http:\\\/\\\/www.navascues.es\\\/wp-content\\\/uploads\\\/2026\\\/04\\\/image15-1.jpeg\",\"datePublished\":\"2026-04-13T11:41:56+00:00\",\"dateModified\":\"2026-04-13T11:41:59+00:00\",\"breadcrumb\":{\"@id\":\"http:\\\/\\\/www.navascues.es\\\/eu\\\/el-valle-2\\\/ustes\\\/#breadcrumb\"},\"inLanguage\":\"eu\",\"potentialAction\":[{\"@type\":\"ReadAction\",\"target\":[\"http:\\\/\\\/www.navascues.es\\\/eu\\\/el-valle-2\\\/ustes\\\/\"]}]},{\"@type\":\"ImageObject\",\"inLanguage\":\"eu\",\"@id\":\"http:\\\/\\\/www.navascues.es\\\/eu\\\/el-valle-2\\\/ustes\\\/#primaryimage\",\"url\":\"http:\\\/\\\/www.navascues.es\\\/wp-content\\\/uploads\\\/2026\\\/04\\\/image15-1.jpeg\",\"contentUrl\":\"http:\\\/\\\/www.navascues.es\\\/wp-content\\\/uploads\\\/2026\\\/04\\\/image15-1.jpeg\"},{\"@type\":\"BreadcrumbList\",\"@id\":\"http:\\\/\\\/www.navascues.es\\\/eu\\\/el-valle-2\\\/ustes\\\/#breadcrumb\",\"itemListElement\":[{\"@type\":\"ListItem\",\"position\":1,\"name\":\"Portada\",\"item\":\"http:\\\/\\\/www.navascues.es\\\/\"},{\"@type\":\"ListItem\",\"position\":2,\"name\":\"El valle\",\"item\":\"http:\\\/\\\/www.navascues.es\\\/eu\\\/el-valle-2\\\/\"},{\"@type\":\"ListItem\",\"position\":3,\"name\":\"Ust\u00e9s\"}]},{\"@type\":\"WebSite\",\"@id\":\"http:\\\/\\\/www.navascues.es\\\/#website\",\"url\":\"http:\\\/\\\/www.navascues.es\\\/\",\"name\":\"Ayuntamiento de Navascues\",\"description\":\"\",\"potentialAction\":[{\"@type\":\"SearchAction\",\"target\":{\"@type\":\"EntryPoint\",\"urlTemplate\":\"http:\\\/\\\/www.navascues.es\\\/?s={search_term_string}\"},\"query-input\":{\"@type\":\"PropertyValueSpecification\",\"valueRequired\":true,\"valueName\":\"search_term_string\"}}],\"inLanguage\":\"eu\"}]}<\/script>\r\n<!-- \/ Yoast SEO plugin. -->","yoast_head_json":{"title":"Ust\u00e9s - Ayuntamiento de Navascues","robots":{"index":"index","follow":"follow","max-snippet":"max-snippet:-1","max-image-preview":"max-image-preview:large","max-video-preview":"max-video-preview:-1"},"canonical":"http:\/\/www.navascues.es\/eu\/el-valle-2\/ustes\/","og_locale":"en_US","og_type":"article","og_title":"Ust\u00e9s - Ayuntamiento de Navascues","og_description":"&gt; Contenido disponible en castellano (pendiente de traducci\u00f3n). Ust\u00e9s a orillas del r\u00edo Salazar Es la localidad situada m\u00e1s al norte del Almirad\u00edo de Navascu\u00e9s a orillas del r\u00edo Salazar. En sus or\u00edgenes, por el a\u00f1o 1085, se hace referencia a una donaci\u00f3n del rey navarro Sancho Ram\u00edrez al monasterio de Leire. Calles y casas [&hellip;]","og_url":"http:\/\/www.navascues.es\/eu\/el-valle-2\/ustes\/","og_site_name":"Ayuntamiento de Navascues","article_modified_time":"2026-04-13T11:41:59+00:00","og_image":[{"url":"http:\/\/portales.localhost\/wp-content\/uploads\/2026\/04\/image15-1.jpeg","type":"","width":"","height":""}],"twitter_card":"summary_large_image","twitter_misc":{"Est. reading time":"1 minutua"},"schema":{"@context":"https:\/\/schema.org","@graph":[{"@type":"WebPage","@id":"http:\/\/www.navascues.es\/eu\/el-valle-2\/ustes\/","url":"http:\/\/www.navascues.es\/eu\/el-valle-2\/ustes\/","name":"Ust\u00e9s - Ayuntamiento de Navascues","isPartOf":{"@id":"http:\/\/www.navascues.es\/#website"},"primaryImageOfPage":{"@id":"http:\/\/www.navascues.es\/eu\/el-valle-2\/ustes\/#primaryimage"},"image":{"@id":"http:\/\/www.navascues.es\/eu\/el-valle-2\/ustes\/#primaryimage"},"thumbnailUrl":"http:\/\/www.navascues.es\/wp-content\/uploads\/2026\/04\/image15-1.jpeg","datePublished":"2026-04-13T11:41:56+00:00","dateModified":"2026-04-13T11:41:59+00:00","breadcrumb":{"@id":"http:\/\/www.navascues.es\/eu\/el-valle-2\/ustes\/#breadcrumb"},"inLanguage":"eu","potentialAction":[{"@type":"ReadAction","target":["http:\/\/www.navascues.es\/eu\/el-valle-2\/ustes\/"]}]},{"@type":"ImageObject","inLanguage":"eu","@id":"http:\/\/www.navascues.es\/eu\/el-valle-2\/ustes\/#primaryimage","url":"http:\/\/www.navascues.es\/wp-content\/uploads\/2026\/04\/image15-1.jpeg","contentUrl":"http:\/\/www.navascues.es\/wp-content\/uploads\/2026\/04\/image15-1.jpeg"},{"@type":"BreadcrumbList","@id":"http:\/\/www.navascues.es\/eu\/el-valle-2\/ustes\/#breadcrumb","itemListElement":[{"@type":"ListItem","position":1,"name":"Portada","item":"http:\/\/www.navascues.es\/"},{"@type":"ListItem","position":2,"name":"El valle","item":"http:\/\/www.navascues.es\/eu\/el-valle-2\/"},{"@type":"ListItem","position":3,"name":"Ust\u00e9s"}]},{"@type":"WebSite","@id":"http:\/\/www.navascues.es\/#website","url":"http:\/\/www.navascues.es\/","name":"Ayuntamiento de Navascues","description":"","potentialAction":[{"@type":"SearchAction","target":{"@type":"EntryPoint","urlTemplate":"http:\/\/www.navascues.es\/?s={search_term_string}"},"query-input":{"@type":"PropertyValueSpecification","valueRequired":true,"valueName":"search_term_string"}}],"inLanguage":"eu"}]}},"_links":{"self":[{"href":"http:\/\/www.navascues.es\/eu\/wp-json\/wp\/v2\/pages\/489","targetHints":{"allow":["GET"]}}],"collection":[{"href":"http:\/\/www.navascues.es\/eu\/wp-json\/wp\/v2\/pages"}],"about":[{"href":"http:\/\/www.navascues.es\/eu\/wp-json\/wp\/v2\/types\/page"}],"author":[{"embeddable":true,"href":"http:\/\/www.navascues.es\/eu\/wp-json\/wp\/v2\/users\/1"}],"replies":[{"embeddable":true,"href":"http:\/\/www.navascues.es\/eu\/wp-json\/wp\/v2\/comments?post=489"}],"version-history":[{"count":0,"href":"http:\/\/www.navascues.es\/eu\/wp-json\/wp\/v2\/pages\/489\/revisions"}],"up":[{"embeddable":true,"href":"http:\/\/www.navascues.es\/eu\/wp-json\/wp\/v2\/pages\/482"}],"wp:attachment":[{"href":"http:\/\/www.navascues.es\/eu\/wp-json\/wp\/v2\/media?parent=489"}],"curies":[{"name":"wp","href":"https:\/\/api.w.org\/{rel}","templated":true}]}}