{"id":486,"date":"2026-04-13T13:41:55","date_gmt":"2026-04-13T11:41:55","guid":{"rendered":"http:\/\/portales.localhost\/ayuntamiento-2\/saludo-alcalde\/"},"modified":"2026-04-13T13:41:58","modified_gmt":"2026-04-13T11:41:58","slug":"saludo-alcalde","status":"publish","type":"page","link":"http:\/\/www.navascues.es\/eu\/ayuntamiento-2\/saludo-alcalde\/","title":{"rendered":"Saludo del alcalde"},"content":{"rendered":"<p>&gt; Contenido disponible en castellano (pendiente de traducci\u00f3n).<\/p>\n<h3>Bienvenida institucional<\/h3>\n<p>Estimadas vecinas y vecinos .<\/p>\n<p>Queridas personas que visit\u00e1is nuestra p\u00e1gina web.<\/p>\n<p>Es para mi un honor , como alcalde de Navascu\u00e9s , daros la bienvenida a la p\u00e1gina oficial del Ayuntamiento.<\/p>\n<h3>Navascu\u00e9s, naturaleza e historia<\/h3>\n<p>Nuestro municipio , enclavado en el coraz\u00f3n del pirineo navarro , es un lugar donde la naturaleza , la historia y la convivencia se unen para ofrecer una calidad de vida basada en la cercan\u00eda, el respeto y el compromiso con nuestras ra\u00edces. Navascu\u00e9s es tierra de tradiciones , de paisajes \u00fanicos y sobre todo , de personas que trabajan cada d\u00eda por mantener vivo el esp\u00edritu de nuestro pueblo.<\/p>\n<p><img decoding=\"async\" src=\"http:\/\/www.navascues.es\/wp-content\/uploads\/2026\/04\/image1-1.jpeg\" alt=\"Vista urbana de Navascu\u00e9s\" \/><\/p>\n<h3>Invitaci\u00f3n a conocer el municipio<\/h3>\n<p>Desde el Ayuntamiento seguimos apostando por una gesti\u00f3n cercana , transparente y participativa . Queremos que esta p\u00e1gina web sea una herramienta \u00fatil y accesible, que facilite la relaci\u00f3n entre la ciudadan\u00eda y la administraci\u00f3n , y que sirva tambi\u00e9n como ventana abierta a quienes deseen conocernos , visitarnos o formar parte de nuestra comunidad.<\/p>\n<p>Os invito a recorrer este espacio digital para conocer nuestros servicios , actividades , noticias y proyectos . Seguiremos trabajando con responsabilidad e ilusi\u00f3n para construir entre todos , el futuro de Navascu\u00e9s.<\/p>\n<p>Recibid un cordial saludo.<\/p>\n<p>Cruz Moriones Uriz<\/p>\n<p>El Alcalde<\/p>\n<p>Ayuntamiento de Navascu\u00e9s<\/p>\n","protected":false},"excerpt":{"rendered":"<p>&gt; Contenido disponible en castellano (pendiente de traducci\u00f3n). Bienvenida institucional Estimadas vecinas y vecinos . Queridas personas que visit\u00e1is nuestra p\u00e1gina web. Es para mi un honor , como alcalde de Navascu\u00e9s , daros la bienvenida a la p\u00e1gina oficial del Ayuntamiento. Navascu\u00e9s, naturaleza e historia Nuestro municipio , enclavado en el coraz\u00f3n del pirineo [&hellip;]<\/p>\n","protected":false},"author":1,"featured_media":0,"parent":480,"menu_order":0,"comment_status":"closed","ping_status":"closed","template":"","meta":{"footnotes":""},"class_list":["post-486","page","type-page","status-publish","hentry"],"yoast_head":"<!-- This site is optimized with the Yoast SEO plugin v27.5 - https:\/\/yoast.com\/product\/yoast-seo-wordpress\/ -->\r\n<title>Saludo del alcalde - Ayuntamiento de Navascues<\/title>\r\n<meta name=\"robots\" content=\"index, follow, max-snippet:-1, max-image-preview:large, max-video-preview:-1\" \/>\r\n<link rel=\"canonical\" href=\"http:\/\/www.navascues.es\/eu\/ayuntamiento-2\/saludo-alcalde\/\" \/>\r\n<meta property=\"og:locale\" content=\"en_US\" \/>\r\n<meta property=\"og:type\" content=\"article\" \/>\r\n<meta property=\"og:title\" content=\"Saludo del alcalde - Ayuntamiento de Navascues\" \/>\r\n<meta property=\"og:description\" content=\"&gt; Contenido disponible en castellano (pendiente de traducci\u00f3n). Bienvenida institucional Estimadas vecinas y vecinos . Queridas personas que visit\u00e1is nuestra p\u00e1gina web. Es para mi un honor , como alcalde de Navascu\u00e9s , daros la bienvenida a la p\u00e1gina oficial del Ayuntamiento. Navascu\u00e9s, naturaleza e historia Nuestro municipio , enclavado en el coraz\u00f3n del pirineo [&hellip;]\" \/>\r\n<meta property=\"og:url\" content=\"http:\/\/www.navascues.es\/eu\/ayuntamiento-2\/saludo-alcalde\/\" \/>\r\n<meta property=\"og:site_name\" content=\"Ayuntamiento de Navascues\" \/>\r\n<meta property=\"article:modified_time\" content=\"2026-04-13T11:41:58+00:00\" \/>\r\n<meta property=\"og:image\" content=\"http:\/\/portales.localhost\/wp-content\/uploads\/2026\/04\/image1-1.jpeg\" \/>\r\n<meta name=\"twitter:card\" content=\"summary_large_image\" \/>\r\n<meta name=\"twitter:label1\" content=\"Est. reading time\" \/>\n\t<meta name=\"twitter:data1\" content=\"1 minutua\" \/>\r\n<script type=\"application\/ld+json\" class=\"yoast-schema-graph\">{\"@context\":\"https:\\\/\\\/schema.org\",\"@graph\":[{\"@type\":\"WebPage\",\"@id\":\"http:\\\/\\\/www.navascues.es\\\/eu\\\/ayuntamiento-2\\\/saludo-alcalde\\\/\",\"url\":\"http:\\\/\\\/www.navascues.es\\\/eu\\\/ayuntamiento-2\\\/saludo-alcalde\\\/\",\"name\":\"Saludo del alcalde - Ayuntamiento de Navascues\",\"isPartOf\":{\"@id\":\"http:\\\/\\\/www.navascues.es\\\/#website\"},\"primaryImageOfPage\":{\"@id\":\"http:\\\/\\\/www.navascues.es\\\/eu\\\/ayuntamiento-2\\\/saludo-alcalde\\\/#primaryimage\"},\"image\":{\"@id\":\"http:\\\/\\\/www.navascues.es\\\/eu\\\/ayuntamiento-2\\\/saludo-alcalde\\\/#primaryimage\"},\"thumbnailUrl\":\"http:\\\/\\\/www.navascues.es\\\/wp-content\\\/uploads\\\/2026\\\/04\\\/image1-1.jpeg\",\"datePublished\":\"2026-04-13T11:41:55+00:00\",\"dateModified\":\"2026-04-13T11:41:58+00:00\",\"breadcrumb\":{\"@id\":\"http:\\\/\\\/www.navascues.es\\\/eu\\\/ayuntamiento-2\\\/saludo-alcalde\\\/#breadcrumb\"},\"inLanguage\":\"eu\",\"potentialAction\":[{\"@type\":\"ReadAction\",\"target\":[\"http:\\\/\\\/www.navascues.es\\\/eu\\\/ayuntamiento-2\\\/saludo-alcalde\\\/\"]}]},{\"@type\":\"ImageObject\",\"inLanguage\":\"eu\",\"@id\":\"http:\\\/\\\/www.navascues.es\\\/eu\\\/ayuntamiento-2\\\/saludo-alcalde\\\/#primaryimage\",\"url\":\"http:\\\/\\\/www.navascues.es\\\/wp-content\\\/uploads\\\/2026\\\/04\\\/image1-1.jpeg\",\"contentUrl\":\"http:\\\/\\\/www.navascues.es\\\/wp-content\\\/uploads\\\/2026\\\/04\\\/image1-1.jpeg\"},{\"@type\":\"BreadcrumbList\",\"@id\":\"http:\\\/\\\/www.navascues.es\\\/eu\\\/ayuntamiento-2\\\/saludo-alcalde\\\/#breadcrumb\",\"itemListElement\":[{\"@type\":\"ListItem\",\"position\":1,\"name\":\"Portada\",\"item\":\"http:\\\/\\\/www.navascues.es\\\/\"},{\"@type\":\"ListItem\",\"position\":2,\"name\":\"Ayuntamiento\",\"item\":\"http:\\\/\\\/www.navascues.es\\\/eu\\\/ayuntamiento-2\\\/\"},{\"@type\":\"ListItem\",\"position\":3,\"name\":\"Saludo del alcalde\"}]},{\"@type\":\"WebSite\",\"@id\":\"http:\\\/\\\/www.navascues.es\\\/#website\",\"url\":\"http:\\\/\\\/www.navascues.es\\\/\",\"name\":\"Ayuntamiento de Navascues\",\"description\":\"\",\"potentialAction\":[{\"@type\":\"SearchAction\",\"target\":{\"@type\":\"EntryPoint\",\"urlTemplate\":\"http:\\\/\\\/www.navascues.es\\\/?s={search_term_string}\"},\"query-input\":{\"@type\":\"PropertyValueSpecification\",\"valueRequired\":true,\"valueName\":\"search_term_string\"}}],\"inLanguage\":\"eu\"}]}<\/script>\r\n<!-- \/ Yoast SEO plugin. -->","yoast_head_json":{"title":"Saludo del alcalde - Ayuntamiento de Navascues","robots":{"index":"index","follow":"follow","max-snippet":"max-snippet:-1","max-image-preview":"max-image-preview:large","max-video-preview":"max-video-preview:-1"},"canonical":"http:\/\/www.navascues.es\/eu\/ayuntamiento-2\/saludo-alcalde\/","og_locale":"en_US","og_type":"article","og_title":"Saludo del alcalde - Ayuntamiento de Navascues","og_description":"&gt; Contenido disponible en castellano (pendiente de traducci\u00f3n). Bienvenida institucional Estimadas vecinas y vecinos . Queridas personas que visit\u00e1is nuestra p\u00e1gina web. Es para mi un honor , como alcalde de Navascu\u00e9s , daros la bienvenida a la p\u00e1gina oficial del Ayuntamiento. Navascu\u00e9s, naturaleza e historia Nuestro municipio , enclavado en el coraz\u00f3n del pirineo [&hellip;]","og_url":"http:\/\/www.navascues.es\/eu\/ayuntamiento-2\/saludo-alcalde\/","og_site_name":"Ayuntamiento de Navascues","article_modified_time":"2026-04-13T11:41:58+00:00","og_image":[{"url":"http:\/\/portales.localhost\/wp-content\/uploads\/2026\/04\/image1-1.jpeg","type":"","width":"","height":""}],"twitter_card":"summary_large_image","twitter_misc":{"Est. reading time":"1 minutua"},"schema":{"@context":"https:\/\/schema.org","@graph":[{"@type":"WebPage","@id":"http:\/\/www.navascues.es\/eu\/ayuntamiento-2\/saludo-alcalde\/","url":"http:\/\/www.navascues.es\/eu\/ayuntamiento-2\/saludo-alcalde\/","name":"Saludo del alcalde - Ayuntamiento de Navascues","isPartOf":{"@id":"http:\/\/www.navascues.es\/#website"},"primaryImageOfPage":{"@id":"http:\/\/www.navascues.es\/eu\/ayuntamiento-2\/saludo-alcalde\/#primaryimage"},"image":{"@id":"http:\/\/www.navascues.es\/eu\/ayuntamiento-2\/saludo-alcalde\/#primaryimage"},"thumbnailUrl":"http:\/\/www.navascues.es\/wp-content\/uploads\/2026\/04\/image1-1.jpeg","datePublished":"2026-04-13T11:41:55+00:00","dateModified":"2026-04-13T11:41:58+00:00","breadcrumb":{"@id":"http:\/\/www.navascues.es\/eu\/ayuntamiento-2\/saludo-alcalde\/#breadcrumb"},"inLanguage":"eu","potentialAction":[{"@type":"ReadAction","target":["http:\/\/www.navascues.es\/eu\/ayuntamiento-2\/saludo-alcalde\/"]}]},{"@type":"ImageObject","inLanguage":"eu","@id":"http:\/\/www.navascues.es\/eu\/ayuntamiento-2\/saludo-alcalde\/#primaryimage","url":"http:\/\/www.navascues.es\/wp-content\/uploads\/2026\/04\/image1-1.jpeg","contentUrl":"http:\/\/www.navascues.es\/wp-content\/uploads\/2026\/04\/image1-1.jpeg"},{"@type":"BreadcrumbList","@id":"http:\/\/www.navascues.es\/eu\/ayuntamiento-2\/saludo-alcalde\/#breadcrumb","itemListElement":[{"@type":"ListItem","position":1,"name":"Portada","item":"http:\/\/www.navascues.es\/"},{"@type":"ListItem","position":2,"name":"Ayuntamiento","item":"http:\/\/www.navascues.es\/eu\/ayuntamiento-2\/"},{"@type":"ListItem","position":3,"name":"Saludo del alcalde"}]},{"@type":"WebSite","@id":"http:\/\/www.navascues.es\/#website","url":"http:\/\/www.navascues.es\/","name":"Ayuntamiento de Navascues","description":"","potentialAction":[{"@type":"SearchAction","target":{"@type":"EntryPoint","urlTemplate":"http:\/\/www.navascues.es\/?s={search_term_string}"},"query-input":{"@type":"PropertyValueSpecification","valueRequired":true,"valueName":"search_term_string"}}],"inLanguage":"eu"}]}},"_links":{"self":[{"href":"http:\/\/www.navascues.es\/eu\/wp-json\/wp\/v2\/pages\/486","targetHints":{"allow":["GET"]}}],"collection":[{"href":"http:\/\/www.navascues.es\/eu\/wp-json\/wp\/v2\/pages"}],"about":[{"href":"http:\/\/www.navascues.es\/eu\/wp-json\/wp\/v2\/types\/page"}],"author":[{"embeddable":true,"href":"http:\/\/www.navascues.es\/eu\/wp-json\/wp\/v2\/users\/1"}],"replies":[{"embeddable":true,"href":"http:\/\/www.navascues.es\/eu\/wp-json\/wp\/v2\/comments?post=486"}],"version-history":[{"count":0,"href":"http:\/\/www.navascues.es\/eu\/wp-json\/wp\/v2\/pages\/486\/revisions"}],"up":[{"embeddable":true,"href":"http:\/\/www.navascues.es\/eu\/wp-json\/wp\/v2\/pages\/480"}],"wp:attachment":[{"href":"http:\/\/www.navascues.es\/eu\/wp-json\/wp\/v2\/media?parent=486"}],"curies":[{"name":"wp","href":"https:\/\/api.w.org\/{rel}","templated":true}]}}