{"id":484,"date":"2026-04-13T13:41:58","date_gmt":"2026-04-13T11:41:58","guid":{"rendered":"http:\/\/portales.localhost\/ayuntamiento-2\/atencion-al-publico\/"},"modified":"2026-04-13T13:41:58","modified_gmt":"2026-04-13T11:41:58","slug":"atencion-al-publico","status":"publish","type":"page","link":"http:\/\/www.navascues.es\/eu\/ayuntamiento-2\/atencion-al-publico\/","title":{"rendered":"Atenci\u00f3n al p\u00fablico"},"content":{"rendered":"<p>&gt; Contenido disponible en castellano (pendiente de traducci\u00f3n).<\/p>\n<h3>Oficinas municipales<\/h3>\n<p>Las oficinas del Ayuntamiento atienden de forma presencial en Calle Antonio Ar\u00f3stegui n\u00ba5 , 31450 Navascu\u00e9s.<\/p>\n<h3>Tel\u00e9fono, correo y horario<\/h3>\n<ul>\n<li>Tel\u00e9fono: <a href=\"tel:948470008\">948 470008<\/a><\/li>\n<li>Correo electr\u00f3nico: <a href=\"mailto:navascues@ayuntamientodenavascues.net\">navascues@ayuntamientodenavascues.net<\/a><\/li>\n<li>Horario de atenci\u00f3n: De Lunes a viernes de 09:30 a 13:00h.<\/li>\n<\/ul>\n","protected":false},"excerpt":{"rendered":"<p>&gt; Contenido disponible en castellano (pendiente de traducci\u00f3n). Oficinas municipales Las oficinas del Ayuntamiento atienden de forma presencial en Calle Antonio Ar\u00f3stegui n\u00ba5 , 31450 Navascu\u00e9s. Tel\u00e9fono, correo y horario Tel\u00e9fono: 948 470008 Correo electr\u00f3nico: navascues@ayuntamientodenavascues.net Horario de atenci\u00f3n: De Lunes a viernes de 09:30 a 13:00h.<\/p>\n","protected":false},"author":1,"featured_media":0,"parent":480,"menu_order":0,"comment_status":"closed","ping_status":"closed","template":"","meta":{"footnotes":""},"class_list":["post-484","page","type-page","status-publish","hentry"],"yoast_head":"<!-- This site is optimized with the Yoast SEO plugin v27.5 - https:\/\/yoast.com\/product\/yoast-seo-wordpress\/ -->\r\n<title>Atenci\u00f3n al p\u00fablico - Ayuntamiento de Navascues<\/title>\r\n<meta name=\"robots\" content=\"index, follow, max-snippet:-1, max-image-preview:large, max-video-preview:-1\" \/>\r\n<link rel=\"canonical\" href=\"http:\/\/www.navascues.es\/eu\/ayuntamiento-2\/atencion-al-publico\/\" \/>\r\n<meta property=\"og:locale\" content=\"en_US\" \/>\r\n<meta property=\"og:type\" content=\"article\" \/>\r\n<meta property=\"og:title\" content=\"Atenci\u00f3n al p\u00fablico - Ayuntamiento de Navascues\" \/>\r\n<meta property=\"og:description\" content=\"&gt; Contenido disponible en castellano (pendiente de traducci\u00f3n). Oficinas municipales Las oficinas del Ayuntamiento atienden de forma presencial en Calle Antonio Ar\u00f3stegui n\u00ba5 , 31450 Navascu\u00e9s. Tel\u00e9fono, correo y horario Tel\u00e9fono: 948 470008 Correo electr\u00f3nico: navascues@ayuntamientodenavascues.net Horario de atenci\u00f3n: De Lunes a viernes de 09:30 a 13:00h.\" \/>\r\n<meta property=\"og:url\" content=\"http:\/\/www.navascues.es\/eu\/ayuntamiento-2\/atencion-al-publico\/\" \/>\r\n<meta property=\"og:site_name\" content=\"Ayuntamiento de Navascues\" \/>\r\n<meta name=\"twitter:card\" content=\"summary_large_image\" \/>\r\n<script type=\"application\/ld+json\" class=\"yoast-schema-graph\">{\"@context\":\"https:\\\/\\\/schema.org\",\"@graph\":[{\"@type\":\"WebPage\",\"@id\":\"http:\\\/\\\/www.navascues.es\\\/eu\\\/ayuntamiento-2\\\/atencion-al-publico\\\/\",\"url\":\"http:\\\/\\\/www.navascues.es\\\/eu\\\/ayuntamiento-2\\\/atencion-al-publico\\\/\",\"name\":\"Atenci\u00f3n al p\u00fablico - Ayuntamiento de Navascues\",\"isPartOf\":{\"@id\":\"http:\\\/\\\/www.navascues.es\\\/#website\"},\"datePublished\":\"2026-04-13T11:41:58+00:00\",\"breadcrumb\":{\"@id\":\"http:\\\/\\\/www.navascues.es\\\/eu\\\/ayuntamiento-2\\\/atencion-al-publico\\\/#breadcrumb\"},\"inLanguage\":\"eu\",\"potentialAction\":[{\"@type\":\"ReadAction\",\"target\":[\"http:\\\/\\\/www.navascues.es\\\/eu\\\/ayuntamiento-2\\\/atencion-al-publico\\\/\"]}]},{\"@type\":\"BreadcrumbList\",\"@id\":\"http:\\\/\\\/www.navascues.es\\\/eu\\\/ayuntamiento-2\\\/atencion-al-publico\\\/#breadcrumb\",\"itemListElement\":[{\"@type\":\"ListItem\",\"position\":1,\"name\":\"Portada\",\"item\":\"http:\\\/\\\/www.navascues.es\\\/\"},{\"@type\":\"ListItem\",\"position\":2,\"name\":\"Ayuntamiento\",\"item\":\"http:\\\/\\\/www.navascues.es\\\/eu\\\/ayuntamiento-2\\\/\"},{\"@type\":\"ListItem\",\"position\":3,\"name\":\"Atenci\u00f3n al p\u00fablico\"}]},{\"@type\":\"WebSite\",\"@id\":\"http:\\\/\\\/www.navascues.es\\\/#website\",\"url\":\"http:\\\/\\\/www.navascues.es\\\/\",\"name\":\"Ayuntamiento de Navascues\",\"description\":\"\",\"potentialAction\":[{\"@type\":\"SearchAction\",\"target\":{\"@type\":\"EntryPoint\",\"urlTemplate\":\"http:\\\/\\\/www.navascues.es\\\/?s={search_term_string}\"},\"query-input\":{\"@type\":\"PropertyValueSpecification\",\"valueRequired\":true,\"valueName\":\"search_term_string\"}}],\"inLanguage\":\"eu\"}]}<\/script>\r\n<!-- \/ Yoast SEO plugin. -->","yoast_head_json":{"title":"Atenci\u00f3n al p\u00fablico - Ayuntamiento de Navascues","robots":{"index":"index","follow":"follow","max-snippet":"max-snippet:-1","max-image-preview":"max-image-preview:large","max-video-preview":"max-video-preview:-1"},"canonical":"http:\/\/www.navascues.es\/eu\/ayuntamiento-2\/atencion-al-publico\/","og_locale":"en_US","og_type":"article","og_title":"Atenci\u00f3n al p\u00fablico - Ayuntamiento de Navascues","og_description":"&gt; Contenido disponible en castellano (pendiente de traducci\u00f3n). Oficinas municipales Las oficinas del Ayuntamiento atienden de forma presencial en Calle Antonio Ar\u00f3stegui n\u00ba5 , 31450 Navascu\u00e9s. Tel\u00e9fono, correo y horario Tel\u00e9fono: 948 470008 Correo electr\u00f3nico: navascues@ayuntamientodenavascues.net Horario de atenci\u00f3n: De Lunes a viernes de 09:30 a 13:00h.","og_url":"http:\/\/www.navascues.es\/eu\/ayuntamiento-2\/atencion-al-publico\/","og_site_name":"Ayuntamiento de Navascues","twitter_card":"summary_large_image","schema":{"@context":"https:\/\/schema.org","@graph":[{"@type":"WebPage","@id":"http:\/\/www.navascues.es\/eu\/ayuntamiento-2\/atencion-al-publico\/","url":"http:\/\/www.navascues.es\/eu\/ayuntamiento-2\/atencion-al-publico\/","name":"Atenci\u00f3n al p\u00fablico - Ayuntamiento de Navascues","isPartOf":{"@id":"http:\/\/www.navascues.es\/#website"},"datePublished":"2026-04-13T11:41:58+00:00","breadcrumb":{"@id":"http:\/\/www.navascues.es\/eu\/ayuntamiento-2\/atencion-al-publico\/#breadcrumb"},"inLanguage":"eu","potentialAction":[{"@type":"ReadAction","target":["http:\/\/www.navascues.es\/eu\/ayuntamiento-2\/atencion-al-publico\/"]}]},{"@type":"BreadcrumbList","@id":"http:\/\/www.navascues.es\/eu\/ayuntamiento-2\/atencion-al-publico\/#breadcrumb","itemListElement":[{"@type":"ListItem","position":1,"name":"Portada","item":"http:\/\/www.navascues.es\/"},{"@type":"ListItem","position":2,"name":"Ayuntamiento","item":"http:\/\/www.navascues.es\/eu\/ayuntamiento-2\/"},{"@type":"ListItem","position":3,"name":"Atenci\u00f3n al p\u00fablico"}]},{"@type":"WebSite","@id":"http:\/\/www.navascues.es\/#website","url":"http:\/\/www.navascues.es\/","name":"Ayuntamiento de Navascues","description":"","potentialAction":[{"@type":"SearchAction","target":{"@type":"EntryPoint","urlTemplate":"http:\/\/www.navascues.es\/?s={search_term_string}"},"query-input":{"@type":"PropertyValueSpecification","valueRequired":true,"valueName":"search_term_string"}}],"inLanguage":"eu"}]}},"_links":{"self":[{"href":"http:\/\/www.navascues.es\/eu\/wp-json\/wp\/v2\/pages\/484","targetHints":{"allow":["GET"]}}],"collection":[{"href":"http:\/\/www.navascues.es\/eu\/wp-json\/wp\/v2\/pages"}],"about":[{"href":"http:\/\/www.navascues.es\/eu\/wp-json\/wp\/v2\/types\/page"}],"author":[{"embeddable":true,"href":"http:\/\/www.navascues.es\/eu\/wp-json\/wp\/v2\/users\/1"}],"replies":[{"embeddable":true,"href":"http:\/\/www.navascues.es\/eu\/wp-json\/wp\/v2\/comments?post=484"}],"version-history":[{"count":0,"href":"http:\/\/www.navascues.es\/eu\/wp-json\/wp\/v2\/pages\/484\/revisions"}],"up":[{"embeddable":true,"href":"http:\/\/www.navascues.es\/eu\/wp-json\/wp\/v2\/pages\/480"}],"wp:attachment":[{"href":"http:\/\/www.navascues.es\/eu\/wp-json\/wp\/v2\/media?parent=484"}],"curies":[{"name":"wp","href":"https:\/\/api.w.org\/{rel}","templated":true}]}}