{"id":482,"date":"2026-04-13T13:41:54","date_gmt":"2026-04-13T11:41:54","guid":{"rendered":"http:\/\/portales.localhost\/el-valle-2\/"},"modified":"2026-04-13T13:41:57","modified_gmt":"2026-04-13T11:41:57","slug":"el-valle-2","status":"publish","type":"page","link":"http:\/\/www.navascues.es\/eu\/el-valle-2\/","title":{"rendered":"El valle"},"content":{"rendered":"<p>&gt; Contenido disponible en castellano (pendiente de traducci\u00f3n).<\/p>\n<h3>El Almirad\u00edo de Navascu\u00e9s<\/h3>\n<p>El Almirad\u00edo de Navascu\u00e9s conserva una singularidad hist\u00f3rica dentro del antiguo reino de Navarra: fue uno de los lugares regidos por almirantes que rend\u00edan cuentas al rey y es el \u00fanico que ha perdurado.<\/p>\n<h3>Concejos del valle<\/h3>\n<p>El almirad\u00edo est\u00e1 integrado por tres concejos: Aspurz , Navascu\u00e9s y Ust\u00e9s. Este \u00faltimo incluye los lugares habitados de Ust\u00e9s y Racas Alto.<\/p>\n<h3>Puerta a Salazar y Roncal<\/h3>\n<p>Este valle, enclavado en pleno pirineo navarro, es la puerta de acceso a los valles de Salazar y de Roncal.<\/p>\n","protected":false},"excerpt":{"rendered":"<p>&gt; Contenido disponible en castellano (pendiente de traducci\u00f3n). El Almirad\u00edo de Navascu\u00e9s El Almirad\u00edo de Navascu\u00e9s conserva una singularidad hist\u00f3rica dentro del antiguo reino de Navarra: fue uno de los lugares regidos por almirantes que rend\u00edan cuentas al rey y es el \u00fanico que ha perdurado. Concejos del valle El almirad\u00edo est\u00e1 integrado por tres [&hellip;]<\/p>\n","protected":false},"author":1,"featured_media":0,"parent":0,"menu_order":0,"comment_status":"closed","ping_status":"closed","template":"","meta":{"footnotes":""},"class_list":["post-482","page","type-page","status-publish","hentry"],"yoast_head":"<!-- This site is optimized with the Yoast SEO plugin v27.5 - https:\/\/yoast.com\/product\/yoast-seo-wordpress\/ -->\r\n<title>El valle - Ayuntamiento de Navascues<\/title>\r\n<meta name=\"robots\" content=\"index, follow, max-snippet:-1, max-image-preview:large, max-video-preview:-1\" \/>\r\n<link rel=\"canonical\" href=\"http:\/\/www.navascues.es\/eu\/el-valle-2\/\" \/>\r\n<meta property=\"og:locale\" content=\"en_US\" \/>\r\n<meta property=\"og:type\" content=\"article\" \/>\r\n<meta property=\"og:title\" content=\"El valle - Ayuntamiento de Navascues\" \/>\r\n<meta property=\"og:description\" content=\"&gt; Contenido disponible en castellano (pendiente de traducci\u00f3n). El Almirad\u00edo de Navascu\u00e9s El Almirad\u00edo de Navascu\u00e9s conserva una singularidad hist\u00f3rica dentro del antiguo reino de Navarra: fue uno de los lugares regidos por almirantes que rend\u00edan cuentas al rey y es el \u00fanico que ha perdurado. Concejos del valle El almirad\u00edo est\u00e1 integrado por tres [&hellip;]\" \/>\r\n<meta property=\"og:url\" content=\"http:\/\/www.navascues.es\/eu\/el-valle-2\/\" \/>\r\n<meta property=\"og:site_name\" content=\"Ayuntamiento de Navascues\" \/>\r\n<meta property=\"article:modified_time\" content=\"2026-04-13T11:41:57+00:00\" \/>\r\n<meta name=\"twitter:card\" content=\"summary_large_image\" \/>\r\n<meta name=\"twitter:label1\" content=\"Est. reading time\" \/>\n\t<meta name=\"twitter:data1\" content=\"1 minutua\" \/>\r\n<script type=\"application\/ld+json\" class=\"yoast-schema-graph\">{\"@context\":\"https:\\\/\\\/schema.org\",\"@graph\":[{\"@type\":\"WebPage\",\"@id\":\"http:\\\/\\\/www.navascues.es\\\/eu\\\/el-valle-2\\\/\",\"url\":\"http:\\\/\\\/www.navascues.es\\\/eu\\\/el-valle-2\\\/\",\"name\":\"El valle - Ayuntamiento de Navascues\",\"isPartOf\":{\"@id\":\"http:\\\/\\\/www.navascues.es\\\/#website\"},\"datePublished\":\"2026-04-13T11:41:54+00:00\",\"dateModified\":\"2026-04-13T11:41:57+00:00\",\"breadcrumb\":{\"@id\":\"http:\\\/\\\/www.navascues.es\\\/eu\\\/el-valle-2\\\/#breadcrumb\"},\"inLanguage\":\"eu\",\"potentialAction\":[{\"@type\":\"ReadAction\",\"target\":[\"http:\\\/\\\/www.navascues.es\\\/eu\\\/el-valle-2\\\/\"]}]},{\"@type\":\"BreadcrumbList\",\"@id\":\"http:\\\/\\\/www.navascues.es\\\/eu\\\/el-valle-2\\\/#breadcrumb\",\"itemListElement\":[{\"@type\":\"ListItem\",\"position\":1,\"name\":\"Portada\",\"item\":\"http:\\\/\\\/www.navascues.es\\\/\"},{\"@type\":\"ListItem\",\"position\":2,\"name\":\"El valle\"}]},{\"@type\":\"WebSite\",\"@id\":\"http:\\\/\\\/www.navascues.es\\\/#website\",\"url\":\"http:\\\/\\\/www.navascues.es\\\/\",\"name\":\"Ayuntamiento de Navascues\",\"description\":\"\",\"potentialAction\":[{\"@type\":\"SearchAction\",\"target\":{\"@type\":\"EntryPoint\",\"urlTemplate\":\"http:\\\/\\\/www.navascues.es\\\/?s={search_term_string}\"},\"query-input\":{\"@type\":\"PropertyValueSpecification\",\"valueRequired\":true,\"valueName\":\"search_term_string\"}}],\"inLanguage\":\"eu\"}]}<\/script>\r\n<!-- \/ Yoast SEO plugin. -->","yoast_head_json":{"title":"El valle - Ayuntamiento de Navascues","robots":{"index":"index","follow":"follow","max-snippet":"max-snippet:-1","max-image-preview":"max-image-preview:large","max-video-preview":"max-video-preview:-1"},"canonical":"http:\/\/www.navascues.es\/eu\/el-valle-2\/","og_locale":"en_US","og_type":"article","og_title":"El valle - Ayuntamiento de Navascues","og_description":"&gt; Contenido disponible en castellano (pendiente de traducci\u00f3n). El Almirad\u00edo de Navascu\u00e9s El Almirad\u00edo de Navascu\u00e9s conserva una singularidad hist\u00f3rica dentro del antiguo reino de Navarra: fue uno de los lugares regidos por almirantes que rend\u00edan cuentas al rey y es el \u00fanico que ha perdurado. Concejos del valle El almirad\u00edo est\u00e1 integrado por tres [&hellip;]","og_url":"http:\/\/www.navascues.es\/eu\/el-valle-2\/","og_site_name":"Ayuntamiento de Navascues","article_modified_time":"2026-04-13T11:41:57+00:00","twitter_card":"summary_large_image","twitter_misc":{"Est. reading time":"1 minutua"},"schema":{"@context":"https:\/\/schema.org","@graph":[{"@type":"WebPage","@id":"http:\/\/www.navascues.es\/eu\/el-valle-2\/","url":"http:\/\/www.navascues.es\/eu\/el-valle-2\/","name":"El valle - Ayuntamiento de Navascues","isPartOf":{"@id":"http:\/\/www.navascues.es\/#website"},"datePublished":"2026-04-13T11:41:54+00:00","dateModified":"2026-04-13T11:41:57+00:00","breadcrumb":{"@id":"http:\/\/www.navascues.es\/eu\/el-valle-2\/#breadcrumb"},"inLanguage":"eu","potentialAction":[{"@type":"ReadAction","target":["http:\/\/www.navascues.es\/eu\/el-valle-2\/"]}]},{"@type":"BreadcrumbList","@id":"http:\/\/www.navascues.es\/eu\/el-valle-2\/#breadcrumb","itemListElement":[{"@type":"ListItem","position":1,"name":"Portada","item":"http:\/\/www.navascues.es\/"},{"@type":"ListItem","position":2,"name":"El valle"}]},{"@type":"WebSite","@id":"http:\/\/www.navascues.es\/#website","url":"http:\/\/www.navascues.es\/","name":"Ayuntamiento de Navascues","description":"","potentialAction":[{"@type":"SearchAction","target":{"@type":"EntryPoint","urlTemplate":"http:\/\/www.navascues.es\/?s={search_term_string}"},"query-input":{"@type":"PropertyValueSpecification","valueRequired":true,"valueName":"search_term_string"}}],"inLanguage":"eu"}]}},"_links":{"self":[{"href":"http:\/\/www.navascues.es\/eu\/wp-json\/wp\/v2\/pages\/482","targetHints":{"allow":["GET"]}}],"collection":[{"href":"http:\/\/www.navascues.es\/eu\/wp-json\/wp\/v2\/pages"}],"about":[{"href":"http:\/\/www.navascues.es\/eu\/wp-json\/wp\/v2\/types\/page"}],"author":[{"embeddable":true,"href":"http:\/\/www.navascues.es\/eu\/wp-json\/wp\/v2\/users\/1"}],"replies":[{"embeddable":true,"href":"http:\/\/www.navascues.es\/eu\/wp-json\/wp\/v2\/comments?post=482"}],"version-history":[{"count":0,"href":"http:\/\/www.navascues.es\/eu\/wp-json\/wp\/v2\/pages\/482\/revisions"}],"wp:attachment":[{"href":"http:\/\/www.navascues.es\/eu\/wp-json\/wp\/v2\/media?parent=482"}],"curies":[{"name":"wp","href":"https:\/\/api.w.org\/{rel}","templated":true}]}}