{"id":481,"date":"2026-04-13T13:41:54","date_gmt":"2026-04-13T11:41:54","guid":{"rendered":"http:\/\/portales.localhost\/buzon-sugerencias-2\/"},"modified":"2026-04-13T14:02:10","modified_gmt":"2026-04-13T12:02:10","slug":"buzon-sugerencias-2","status":"publish","type":"page","link":"http:\/\/www.navascues.es\/eu\/buzon-sugerencias-2\/","title":{"rendered":"Buz\u00f3n de sugerencias"},"content":{"rendered":"<p>En este apartado podr\u00e1s dirigir tus ideas , opiniones o valoraciones de cualquier aspecto relacionado con el pueblo , la gesti\u00f3n o el funcionamiento que nos servir\u00e1n para mejorar cada d\u00eda.<\/p>\n\n<div class=\"wpcf7 no-js\" id=\"wpcf7-f492-o1\" lang=\"es-ES\" dir=\"ltr\" data-wpcf7-id=\"492\">\n<div class=\"screen-reader-response\"><p role=\"status\" aria-live=\"polite\" aria-atomic=\"true\"><\/p> <ul><\/ul><\/div>\n<form action=\"\/eu\/wp-json\/wp\/v2\/pages\/481#wpcf7-f492-o1\" method=\"post\" class=\"wpcf7-form init\" aria-label=\"Formulario de contacto\" novalidate=\"novalidate\" data-status=\"init\">\n<fieldset class=\"hidden-fields-container\"><input type=\"hidden\" name=\"_wpcf7\" value=\"492\" \/><input type=\"hidden\" name=\"_wpcf7_version\" value=\"6.1.5\" \/><input type=\"hidden\" name=\"_wpcf7_locale\" value=\"es_ES\" \/><input type=\"hidden\" name=\"_wpcf7_unit_tag\" value=\"wpcf7-f492-o1\" \/><input type=\"hidden\" name=\"_wpcf7_container_post\" value=\"0\" \/><input type=\"hidden\" name=\"_wpcf7_posted_data_hash\" value=\"\" \/>\n<\/fieldset>\n<div class=\"mb-3\">\n\t<p><label for=\"your-name\" class=\"form-label\">Tu nombre<\/label><br \/>\n<span class=\"wpcf7-form-control-wrap\" data-name=\"your-name\"><input size=\"40\" maxlength=\"400\" class=\"wpcf7-form-control wpcf7-text wpcf7-validates-as-required form-control\" id=\"your-name\" autocomplete=\"name\" aria-required=\"true\" aria-invalid=\"false\" value=\"\" type=\"text\" name=\"your-name\" \/><\/span>\n\t<\/p>\n<\/div>\n<div class=\"mb-3\">\n\t<p><label for=\"your-email\" class=\"form-label\">Tu correo electr\u00f3nico<\/label><br \/>\n<span class=\"wpcf7-form-control-wrap\" data-name=\"your-email\"><input size=\"40\" maxlength=\"400\" class=\"wpcf7-form-control wpcf7-email wpcf7-validates-as-required wpcf7-text wpcf7-validates-as-email form-control\" id=\"your-email\" autocomplete=\"email\" aria-required=\"true\" aria-invalid=\"false\" value=\"\" type=\"email\" name=\"your-email\" \/><\/span>\n\t<\/p>\n<\/div>\n<div class=\"mb-3\">\n\t<p><label for=\"your-subject\" class=\"form-label\">Asunto<\/label><br \/>\n<span class=\"wpcf7-form-control-wrap\" data-name=\"your-subject\"><input size=\"40\" maxlength=\"400\" class=\"wpcf7-form-control wpcf7-text wpcf7-validates-as-required form-control\" id=\"your-subject\" aria-required=\"true\" aria-invalid=\"false\" value=\"\" type=\"text\" name=\"your-subject\" \/><\/span>\n\t<\/p>\n<\/div>\n<div class=\"mb-3\">\n\t<p><label for=\"your-message\" class=\"form-label\">Tu mensaje (opcional)<\/label><br \/>\n<span class=\"wpcf7-form-control-wrap\" data-name=\"your-message\"><textarea cols=\"40\" rows=\"5\" maxlength=\"2000\" class=\"wpcf7-form-control wpcf7-textarea form-control\" id=\"your-message\" aria-invalid=\"false\" name=\"your-message\"><\/textarea><\/span>\n\t<\/p>\n<\/div>\n<div class=\"mb-3\">\n\t<p><input class=\"wpcf7-form-control wpcf7-submit has-spinner btn btn-primary\" type=\"submit\" value=\"Enviar\" \/>\n\t<\/p>\n<\/div><div class=\"wpcf7-response-output\" aria-hidden=\"true\"><\/div>\n<\/form>\n<\/div>\n\n","protected":false},"excerpt":{"rendered":"<p>En este apartado podr\u00e1s dirigir tus ideas , opiniones o valoraciones de cualquier aspecto relacionado con el pueblo , la gesti\u00f3n o el funcionamiento que nos servir\u00e1n para mejorar cada d\u00eda.<\/p>\n","protected":false},"author":1,"featured_media":0,"parent":0,"menu_order":0,"comment_status":"closed","ping_status":"closed","template":"","meta":{"footnotes":""},"class_list":["post-481","page","type-page","status-publish","hentry"],"yoast_head":"<!-- This site is optimized with the Yoast SEO plugin v27.5 - https:\/\/yoast.com\/product\/yoast-seo-wordpress\/ -->\r\n<title>Buz\u00f3n de sugerencias - Ayuntamiento de Navascues<\/title>\r\n<meta name=\"robots\" content=\"index, follow, max-snippet:-1, max-image-preview:large, max-video-preview:-1\" \/>\r\n<link rel=\"canonical\" href=\"http:\/\/www.navascues.es\/eu\/buzon-sugerencias-2\/\" \/>\r\n<meta property=\"og:locale\" content=\"en_US\" \/>\r\n<meta property=\"og:type\" content=\"article\" \/>\r\n<meta property=\"og:title\" content=\"Buz\u00f3n de sugerencias - Ayuntamiento de Navascues\" \/>\r\n<meta property=\"og:description\" content=\"En este apartado podr\u00e1s dirigir tus ideas , opiniones o valoraciones de cualquier aspecto relacionado con el pueblo , la gesti\u00f3n o el funcionamiento que nos servir\u00e1n para mejorar cada d\u00eda.\" \/>\r\n<meta property=\"og:url\" content=\"http:\/\/www.navascues.es\/eu\/buzon-sugerencias-2\/\" \/>\r\n<meta property=\"og:site_name\" content=\"Ayuntamiento de Navascues\" \/>\r\n<meta property=\"article:modified_time\" content=\"2026-04-13T12:02:10+00:00\" \/>\r\n<meta name=\"twitter:card\" content=\"summary_large_image\" \/>\r\n<meta name=\"twitter:label1\" content=\"Est. reading time\" \/>\n\t<meta name=\"twitter:data1\" content=\"1 minutua\" \/>\r\n<script type=\"application\/ld+json\" class=\"yoast-schema-graph\">{\"@context\":\"https:\\\/\\\/schema.org\",\"@graph\":[{\"@type\":\"WebPage\",\"@id\":\"http:\\\/\\\/www.navascues.es\\\/eu\\\/buzon-sugerencias-2\\\/\",\"url\":\"http:\\\/\\\/www.navascues.es\\\/eu\\\/buzon-sugerencias-2\\\/\",\"name\":\"Buz\u00f3n de sugerencias - Ayuntamiento de Navascues\",\"isPartOf\":{\"@id\":\"http:\\\/\\\/www.navascues.es\\\/#website\"},\"datePublished\":\"2026-04-13T11:41:54+00:00\",\"dateModified\":\"2026-04-13T12:02:10+00:00\",\"breadcrumb\":{\"@id\":\"http:\\\/\\\/www.navascues.es\\\/eu\\\/buzon-sugerencias-2\\\/#breadcrumb\"},\"inLanguage\":\"eu\",\"potentialAction\":[{\"@type\":\"ReadAction\",\"target\":[\"http:\\\/\\\/www.navascues.es\\\/eu\\\/buzon-sugerencias-2\\\/\"]}]},{\"@type\":\"BreadcrumbList\",\"@id\":\"http:\\\/\\\/www.navascues.es\\\/eu\\\/buzon-sugerencias-2\\\/#breadcrumb\",\"itemListElement\":[{\"@type\":\"ListItem\",\"position\":1,\"name\":\"Portada\",\"item\":\"http:\\\/\\\/www.navascues.es\\\/\"},{\"@type\":\"ListItem\",\"position\":2,\"name\":\"Buz\u00f3n de sugerencias\"}]},{\"@type\":\"WebSite\",\"@id\":\"http:\\\/\\\/www.navascues.es\\\/#website\",\"url\":\"http:\\\/\\\/www.navascues.es\\\/\",\"name\":\"Ayuntamiento de Navascues\",\"description\":\"\",\"potentialAction\":[{\"@type\":\"SearchAction\",\"target\":{\"@type\":\"EntryPoint\",\"urlTemplate\":\"http:\\\/\\\/www.navascues.es\\\/?s={search_term_string}\"},\"query-input\":{\"@type\":\"PropertyValueSpecification\",\"valueRequired\":true,\"valueName\":\"search_term_string\"}}],\"inLanguage\":\"eu\"}]}<\/script>\r\n<!-- \/ Yoast SEO plugin. -->","yoast_head_json":{"title":"Buz\u00f3n de sugerencias - Ayuntamiento de Navascues","robots":{"index":"index","follow":"follow","max-snippet":"max-snippet:-1","max-image-preview":"max-image-preview:large","max-video-preview":"max-video-preview:-1"},"canonical":"http:\/\/www.navascues.es\/eu\/buzon-sugerencias-2\/","og_locale":"en_US","og_type":"article","og_title":"Buz\u00f3n de sugerencias - Ayuntamiento de Navascues","og_description":"En este apartado podr\u00e1s dirigir tus ideas , opiniones o valoraciones de cualquier aspecto relacionado con el pueblo , la gesti\u00f3n o el funcionamiento que nos servir\u00e1n para mejorar cada d\u00eda.","og_url":"http:\/\/www.navascues.es\/eu\/buzon-sugerencias-2\/","og_site_name":"Ayuntamiento de Navascues","article_modified_time":"2026-04-13T12:02:10+00:00","twitter_card":"summary_large_image","twitter_misc":{"Est. reading time":"1 minutua"},"schema":{"@context":"https:\/\/schema.org","@graph":[{"@type":"WebPage","@id":"http:\/\/www.navascues.es\/eu\/buzon-sugerencias-2\/","url":"http:\/\/www.navascues.es\/eu\/buzon-sugerencias-2\/","name":"Buz\u00f3n de sugerencias - Ayuntamiento de Navascues","isPartOf":{"@id":"http:\/\/www.navascues.es\/#website"},"datePublished":"2026-04-13T11:41:54+00:00","dateModified":"2026-04-13T12:02:10+00:00","breadcrumb":{"@id":"http:\/\/www.navascues.es\/eu\/buzon-sugerencias-2\/#breadcrumb"},"inLanguage":"eu","potentialAction":[{"@type":"ReadAction","target":["http:\/\/www.navascues.es\/eu\/buzon-sugerencias-2\/"]}]},{"@type":"BreadcrumbList","@id":"http:\/\/www.navascues.es\/eu\/buzon-sugerencias-2\/#breadcrumb","itemListElement":[{"@type":"ListItem","position":1,"name":"Portada","item":"http:\/\/www.navascues.es\/"},{"@type":"ListItem","position":2,"name":"Buz\u00f3n de sugerencias"}]},{"@type":"WebSite","@id":"http:\/\/www.navascues.es\/#website","url":"http:\/\/www.navascues.es\/","name":"Ayuntamiento de Navascues","description":"","potentialAction":[{"@type":"SearchAction","target":{"@type":"EntryPoint","urlTemplate":"http:\/\/www.navascues.es\/?s={search_term_string}"},"query-input":{"@type":"PropertyValueSpecification","valueRequired":true,"valueName":"search_term_string"}}],"inLanguage":"eu"}]}},"_links":{"self":[{"href":"http:\/\/www.navascues.es\/eu\/wp-json\/wp\/v2\/pages\/481","targetHints":{"allow":["GET"]}}],"collection":[{"href":"http:\/\/www.navascues.es\/eu\/wp-json\/wp\/v2\/pages"}],"about":[{"href":"http:\/\/www.navascues.es\/eu\/wp-json\/wp\/v2\/types\/page"}],"author":[{"embeddable":true,"href":"http:\/\/www.navascues.es\/eu\/wp-json\/wp\/v2\/users\/1"}],"replies":[{"embeddable":true,"href":"http:\/\/www.navascues.es\/eu\/wp-json\/wp\/v2\/comments?post=481"}],"version-history":[{"count":1,"href":"http:\/\/www.navascues.es\/eu\/wp-json\/wp\/v2\/pages\/481\/revisions"}],"predecessor-version":[{"id":494,"href":"http:\/\/www.navascues.es\/eu\/wp-json\/wp\/v2\/pages\/481\/revisions\/494"}],"wp:attachment":[{"href":"http:\/\/www.navascues.es\/eu\/wp-json\/wp\/v2\/media?parent=481"}],"curies":[{"name":"wp","href":"https:\/\/api.w.org\/{rel}","templated":true}]}}